{"id":8,"date":"2017-09-26T15:43:52","date_gmt":"2017-09-26T15:43:52","guid":{"rendered":"http:\/\/theater-unna.de\/?page_id=8"},"modified":"2022-08-31T19:10:27","modified_gmt":"2022-08-31T19:10:27","slug":"startseite","status":"publish","type":"page","link":"https:\/\/andreasgilles.de\/?page_id=8","title":{"rendered":"audio-ag.de"},"content":{"rendered":"<p><strong><img loading=\"lazy\" decoding=\"async\" class=\"wp-image-48 size-full alignright\" src=\"https:\/\/andreasgilles.de\/wp-content\/uploads\/2017\/09\/audio-ag-Symbole-200.jpg\" alt=\"\" width=\"200\" height=\"105\" \/><\/strong>audio-ag.de ist ein Projektstudio, spezialisiert auf Live-Mitschnitte klassischer Konzerte und die Produktion individueller Tonaufnahmen im kleineren Rahmen.<br \/>\nDazu geh\u00f6ren Demo-CDs ebenso wie Aufnahmen mit Schulen oder Kinderg\u00e4rten. Ja, sogar die Produktion einer privaten &#8222;Solo-CD&#8220; ist m\u00f6glich.<\/p>\n<p>Seit 2016 arbeitet audio-ag.de eng mit dem Coppenrath-Verlag aus M\u00fcnster zusammen und produziert H\u00f6rbeispiele f\u00fcr Sound-B\u00fccher.<\/p>\n<p>Wenn sie mehr \u00fcber <a href=\"http:\/\/audio-ag.de\/\" target=\"_blank\" rel=\"noopener\">audio-ag.de<\/a> erfahren m\u00f6chten, besuchen Sie doch die <a href=\"http:\/\/audio-ag.de\/\" target=\"_blank\" rel=\"noopener\">Website<\/a> des Projektstudios.<\/p>\n","protected":false},"excerpt":{"rendered":"<p>audio-ag.de ist ein Projektstudio, spezialisiert auf Live-Mitschnitte klassischer Konzerte und die Produktion individueller Tonaufnahmen im kleineren Rahmen. Dazu geh\u00f6ren Demo-CDs ebenso wie Aufnahmen mit Schulen oder Kinderg\u00e4rten. Ja, sogar die Produktion einer privaten &#8222;Solo-CD&#8220; ist m\u00f6glich. Seit 2016 arbeitet audio-ag.de eng mit dem Coppenrath-Verlag aus M\u00fcnster zusammen und produziert H\u00f6rbeispiele f\u00fcr Sound-B\u00fccher. Wenn sie mehr [&hellip;]<\/p>\n","protected":false},"author":1,"featured_media":48,"parent":0,"menu_order":0,"comment_status":"closed","ping_status":"closed","template":"","meta":{"footnotes":""},"class_list":["post-8","page","type-page","status-publish","has-post-thumbnail","hentry"],"_links":{"self":[{"href":"https:\/\/andreasgilles.de\/index.php?rest_route=\/wp\/v2\/pages\/8","targetHints":{"allow":["GET"]}}],"collection":[{"href":"https:\/\/andreasgilles.de\/index.php?rest_route=\/wp\/v2\/pages"}],"about":[{"href":"https:\/\/andreasgilles.de\/index.php?rest_route=\/wp\/v2\/types\/page"}],"author":[{"embeddable":true,"href":"https:\/\/andreasgilles.de\/index.php?rest_route=\/wp\/v2\/users\/1"}],"replies":[{"embeddable":true,"href":"https:\/\/andreasgilles.de\/index.php?rest_route=%2Fwp%2Fv2%2Fcomments&post=8"}],"version-history":[{"count":7,"href":"https:\/\/andreasgilles.de\/index.php?rest_route=\/wp\/v2\/pages\/8\/revisions"}],"predecessor-version":[{"id":222,"href":"https:\/\/andreasgilles.de\/index.php?rest_route=\/wp\/v2\/pages\/8\/revisions\/222"}],"wp:featuredmedia":[{"embeddable":true,"href":"https:\/\/andreasgilles.de\/index.php?rest_route=\/wp\/v2\/media\/48"}],"wp:attachment":[{"href":"https:\/\/andreasgilles.de\/index.php?rest_route=%2Fwp%2Fv2%2Fmedia&parent=8"}],"curies":[{"name":"wp","href":"https:\/\/api.w.org\/{rel}","templated":true}]}}