{"id":60,"date":"2017-09-28T13:32:43","date_gmt":"2017-09-28T13:32:43","guid":{"rendered":"http:\/\/theater-unna.de\/?page_id=60"},"modified":"2024-11-17T19:37:50","modified_gmt":"2024-11-17T19:37:50","slug":"links","status":"publish","type":"page","link":"https:\/\/andreasgilles.de\/?page_id=60","title":{"rendered":"Links"},"content":{"rendered":"<p>Hier finden Sie einige Links zu Projekten von Andreas Gilles und von Kooperationspartnern bzw. interessanten k\u00fcnstlerischen Seiten.<\/p>\n<p><a href=\"https:\/\/audio-ag.de\/\" target=\"_blank\" rel=\"noopener\">audio-ag.de<\/a>, das Tonstudio von Andreas Gilles<\/p>\n<p><a href=\"https:\/\/arteflessibile.de\/\" target=\"_blank\" rel=\"noopener\">ARTE flessibile<\/a>, Theater der Improvisationen<\/p>\n<p><a href=\"https:\/\/scribo-ag.de\" target=\"_blank\" rel=\"noopener\">scribo-ag.de<\/a>, Buchver\u00f6ffentlichungen von Andreas Gilles<\/p>\n<p><a href=\"http:\/\/castra-camensia.de\" target=\"_blank\" rel=\"noopener\">castra-camensia.de<\/a>, Mittelalterdarstellung aus Kamen<\/p>\n<p><a href=\"https:\/\/provokal.de\">provokal.de<\/a>, Chor Provokal e.V. aus Dortmund<\/p>\n<p><a href=\"https:\/\/lecking-werbeagentur.de\/\" target=\"_blank\" rel=\"noopener\">Lecking Werbeagentur<\/a>, die Agentur, die u. a. die Website von<br \/>\nARTE flessibile erstellt hat und Andreas Gilles mit Rat und Tat zur Seite steht.<\/p>\n<p><a href=\"http:\/\/www.susannedieterich.de\/\" target=\"_blank\" rel=\"noopener\">Susanne Dieterich<\/a>, Schauspielerin aus Herne<\/p>\n<p><a href=\"http:\/\/www.tpwerkstatt.de\/\" target=\"_blank\" rel=\"noopener\">theaterp\u00e4dagogische werkstatt<\/a>, bekannt durch das Pr\u00e4ventionsprojekt &#8222;Mein K\u00f6rper geh\u00f6rt mir&#8220;<\/p>\n<p><a href=\"http:\/\/euregio-vocalworkshop.eu\" target=\"_blank\" rel=\"noreferrer noopener\" data-type=\"URL\" data-id=\"euregio-vocalworkshop.eu\">euregio-vocalworkshop.eu<\/a>, Euregio Vokal Werkstatt f\u00fcr fortgeschrittene Amateurs\u00e4ngerinnen und S\u00e4nger aus den Niederlanden und Deutschland ab 16 Jahren<\/p>\n","protected":false},"excerpt":{"rendered":"<p>Hier finden Sie einige Links zu Projekten von Andreas Gilles und von Kooperationspartnern bzw. interessanten k\u00fcnstlerischen Seiten. audio-ag.de, das Tonstudio von Andreas Gilles ARTE flessibile, Theater der Improvisationen scribo-ag.de, Buchver\u00f6ffentlichungen von Andreas Gilles castra-camensia.de, Mittelalterdarstellung aus Kamen provokal.de, Chor Provokal e.V. aus Dortmund Lecking Werbeagentur, die Agentur, die u. a. die Website von ARTE flessibile [&hellip;]<\/p>\n","protected":false},"author":1,"featured_media":0,"parent":0,"menu_order":0,"comment_status":"closed","ping_status":"closed","template":"","meta":{"footnotes":""},"class_list":["post-60","page","type-page","status-publish","hentry"],"_links":{"self":[{"href":"https:\/\/andreasgilles.de\/index.php?rest_route=\/wp\/v2\/pages\/60","targetHints":{"allow":["GET"]}}],"collection":[{"href":"https:\/\/andreasgilles.de\/index.php?rest_route=\/wp\/v2\/pages"}],"about":[{"href":"https:\/\/andreasgilles.de\/index.php?rest_route=\/wp\/v2\/types\/page"}],"author":[{"embeddable":true,"href":"https:\/\/andreasgilles.de\/index.php?rest_route=\/wp\/v2\/users\/1"}],"replies":[{"embeddable":true,"href":"https:\/\/andreasgilles.de\/index.php?rest_route=%2Fwp%2Fv2%2Fcomments&post=60"}],"version-history":[{"count":7,"href":"https:\/\/andreasgilles.de\/index.php?rest_route=\/wp\/v2\/pages\/60\/revisions"}],"predecessor-version":[{"id":266,"href":"https:\/\/andreasgilles.de\/index.php?rest_route=\/wp\/v2\/pages\/60\/revisions\/266"}],"wp:attachment":[{"href":"https:\/\/andreasgilles.de\/index.php?rest_route=%2Fwp%2Fv2%2Fmedia&parent=60"}],"curies":[{"name":"wp","href":"https:\/\/api.w.org\/{rel}","templated":true}]}}