{"id":57,"date":"2017-09-28T13:24:06","date_gmt":"2017-09-28T13:24:06","guid":{"rendered":"http:\/\/theater-unna.de\/?page_id=57"},"modified":"2018-05-21T11:40:14","modified_gmt":"2018-05-21T11:40:14","slug":"impressum","status":"publish","type":"page","link":"https:\/\/andreasgilles.de\/?page_id=57","title":{"rendered":"Impressum"},"content":{"rendered":"<div align=\"left\">\n<p>Andreas Gilles<br \/>\nKletterstra\u00dfe 33<br \/>\n59427 Unna<br \/>\nTel.: 02303-333886<br \/>\nE-Mail: <a href=\"mailto:kontakt@andreasgilles.de\">kontakt@andreasgilles.de<\/a><\/p>\n<p>Im Falle von wettbewerbsrechtlichen oder \u00e4hnlichen Problemen bitten wir Sie, uns bereits im Vorfeld zur Vermeidung unn\u00f6tiger Rechtsstreite und Kosten zu kontaktieren. Die Kostennote einer anwaltlichen Abmahnung ohne vorhergehende Kontaktaufnahme wird im Sinne der Schadensminderungspflicht als unbegr\u00fcndet zur\u00fcckgewiesen.<\/p>\n<\/div>\n","protected":false},"excerpt":{"rendered":"<p>Andreas Gilles Kletterstra\u00dfe 33 59427 Unna Tel.: 02303-333886 E-Mail: kontakt@andreasgilles.de Im Falle von wettbewerbsrechtlichen oder \u00e4hnlichen Problemen bitten wir Sie, uns bereits im Vorfeld zur Vermeidung unn\u00f6tiger Rechtsstreite und Kosten zu kontaktieren. Die Kostennote einer anwaltlichen Abmahnung ohne vorhergehende Kontaktaufnahme wird im Sinne der Schadensminderungspflicht als unbegr\u00fcndet zur\u00fcckgewiesen.<\/p>\n","protected":false},"author":1,"featured_media":0,"parent":0,"menu_order":0,"comment_status":"closed","ping_status":"closed","template":"","meta":{"footnotes":""},"class_list":["post-57","page","type-page","status-publish","hentry"],"_links":{"self":[{"href":"https:\/\/andreasgilles.de\/index.php?rest_route=\/wp\/v2\/pages\/57","targetHints":{"allow":["GET"]}}],"collection":[{"href":"https:\/\/andreasgilles.de\/index.php?rest_route=\/wp\/v2\/pages"}],"about":[{"href":"https:\/\/andreasgilles.de\/index.php?rest_route=\/wp\/v2\/types\/page"}],"author":[{"embeddable":true,"href":"https:\/\/andreasgilles.de\/index.php?rest_route=\/wp\/v2\/users\/1"}],"replies":[{"embeddable":true,"href":"https:\/\/andreasgilles.de\/index.php?rest_route=%2Fwp%2Fv2%2Fcomments&post=57"}],"version-history":[{"count":4,"href":"https:\/\/andreasgilles.de\/index.php?rest_route=\/wp\/v2\/pages\/57\/revisions"}],"predecessor-version":[{"id":117,"href":"https:\/\/andreasgilles.de\/index.php?rest_route=\/wp\/v2\/pages\/57\/revisions\/117"}],"wp:attachment":[{"href":"https:\/\/andreasgilles.de\/index.php?rest_route=%2Fwp%2Fv2%2Fmedia&parent=57"}],"curies":[{"name":"wp","href":"https:\/\/api.w.org\/{rel}","templated":true}]}}